{"id":330,"date":"2022-09-14T15:57:06","date_gmt":"2022-09-14T18:57:06","guid":{"rendered":"http:\/\/hotelhyperion.com\/site\/?page_id=330"},"modified":"2022-09-20T23:35:42","modified_gmt":"2022-09-21T02:35:42","slug":"facilidades","status":"publish","type":"page","link":"http:\/\/hotelhyperion.com\/site\/facilidades\/","title":{"rendered":"FACILIDADES"},"content":{"rendered":"<p>[vc_row css_animation=&#8221;&#8221; row_type=&#8221;row&#8221; use_row_as_full_screen_section=&#8221;no&#8221; type=&#8221;full_width&#8221; angled_section=&#8221;no&#8221; text_align=&#8221;left&#8221; background_image_as_pattern=&#8221;without_pattern&#8221;][vc_column width=&#8221;1\/2&#8243;][vc_gallery type=&#8221;nivo&#8221; interval=&#8221;3&#8243; images=&#8221;491,492,493,494&#8243; img_size=&#8221;600&#215;500&#8243;][\/vc_column][vc_column width=&#8221;1\/2&#8243;][vc_empty_space][vc_column_text]<\/p>\n<h2 style=\"color: #254272;\">FACILIDADES<\/h2>\n<p>[\/vc_column_text][vc_empty_space height=&#8221;40&#8243;][vc_column_text]<\/p>\n<div dir=\"ltr\">\u2013 <strong>Recep\u00e7\u00e3o<\/strong> com check-in , check-out e informa\u00e7\u00e3o tur\u00edstica.<\/div>\n<p>\u2013 <strong>Wi-Fi gratuito<\/strong> em toda a \u00e1rea do hotel<\/p>\n<p>\u2013 <strong>Estacionamento exclusivo<\/strong> para clientes (verifique a disponibilidade)<\/p>\n<p>\u2013 Buffet com caf\u00e9 de manh\u00e3\u00a0<i><b>continental<\/b><\/i>\u00a0diariamente entre\u00a0 08.00-10.30<\/p>\n<div dir=\"ltr\"><\/div>\n<p>[\/vc_column_text][\/vc_column][\/vc_row]<\/p>\n","protected":false},"excerpt":{"rendered":"<p>[vc_row css_animation=&#8221;&#8221; row_type=&#8221;row&#8221; use_row_as_full_screen_section=&#8221;no&#8221; type=&#8221;full_width&#8221; angled_section=&#8221;no&#8221; text_align=&#8221;left&#8221; background_image_as_pattern=&#8221;without_pattern&#8221;][vc_column width=&#8221;1\/2&#8243;][vc_gallery type=&#8221;nivo&#8221; interval=&#8221;3&#8243; images=&#8221;491,492,493,494&#8243; img_size=&#8221;600&#215;500&#8243;][\/vc_column][vc_column width=&#8221;1\/2&#8243;][vc_empty_space][vc_column_text] FACILIDADES [\/vc_column_text][vc_empty_space height=&#8221;40&#8243;][vc_column_text] \u2013 Recep\u00e7\u00e3o com check-in , check-out e informa\u00e7\u00e3o tur\u00edstica. \u2013 Wi-Fi gratuito em toda a \u00e1rea do hotel \u2013 Estacionamento exclusivo para clientes (verifique a disponibilidade) \u2013 Buffet&#8230;<\/p>\n","protected":false},"author":1,"featured_media":0,"parent":0,"menu_order":0,"comment_status":"closed","ping_status":"closed","template":"","meta":[],"_links":{"self":[{"href":"http:\/\/hotelhyperion.com\/site\/wp-json\/wp\/v2\/pages\/330"}],"collection":[{"href":"http:\/\/hotelhyperion.com\/site\/wp-json\/wp\/v2\/pages"}],"about":[{"href":"http:\/\/hotelhyperion.com\/site\/wp-json\/wp\/v2\/types\/page"}],"author":[{"embeddable":true,"href":"http:\/\/hotelhyperion.com\/site\/wp-json\/wp\/v2\/users\/1"}],"replies":[{"embeddable":true,"href":"http:\/\/hotelhyperion.com\/site\/wp-json\/wp\/v2\/comments?post=330"}],"version-history":[{"count":9,"href":"http:\/\/hotelhyperion.com\/site\/wp-json\/wp\/v2\/pages\/330\/revisions"}],"predecessor-version":[{"id":496,"href":"http:\/\/hotelhyperion.com\/site\/wp-json\/wp\/v2\/pages\/330\/revisions\/496"}],"wp:attachment":[{"href":"http:\/\/hotelhyperion.com\/site\/wp-json\/wp\/v2\/media?parent=330"}],"curies":[{"name":"wp","href":"https:\/\/api.w.org\/{rel}","templated":true}]}}