{"id":343,"date":"2022-09-15T09:36:21","date_gmt":"2022-09-15T12:36:21","guid":{"rendered":"http:\/\/hotelhyperion.com\/site\/?page_id=343"},"modified":"2022-09-26T13:37:17","modified_gmt":"2022-09-26T16:37:17","slug":"sobre","status":"publish","type":"page","link":"http:\/\/hotelhyperion.com\/site2\/index.php\/sobre\/","title":{"rendered":"SOBRE"},"content":{"rendered":"<p>[vc_row css_animation=&#8221;&#8221; row_type=&#8221;row&#8221; use_row_as_full_screen_section=&#8221;no&#8221; type=&#8221;full_width&#8221; angled_section=&#8221;no&#8221; text_align=&#8221;left&#8221; background_image_as_pattern=&#8221;without_pattern&#8221;][vc_column width=&#8221;1\/6&#8243;][\/vc_column][vc_column width=&#8221;2\/3&#8243;][vc_empty_space][vc_column_text]<\/p>\n<h2 style=\"text-align: justify; color: #254272;\">ABOUT US<\/h2>\n<p>[\/vc_column_text][vc_empty_space height=&#8221;40&#8243;][vc_column_text]<\/p>\n<p style=\"text-align: justify;\">Welcome to <strong>The Hyperion Boutique Hotel <\/strong> located on the Magic Island of Florian\u00f3polis, Brazil. The hotel located in the small village of Lagoa da Concei\u00e7\u00e3o, close to the beaches of Joaquina and Mole, is named after one of the greek Titans, Hyperion, God of the Light, and you will definitely feel \u201cenlightened\u201d here in our wonderful and high service Boutique Hotel with the best location on the fabulous island with breathtaking nature , the Lagoa lake and beautiful beaches, as well as a tremendous and vibrant night-life.<\/p>\n<p>[\/vc_column_text][vc_empty_space height=&#8221;20&#8243;][vc_column_text]<img decoding=\"async\" loading=\"lazy\" class=\"alignnone wp-image-275\" src=\"http:\/\/hotelhyperion.com\/site\/wp-content\/uploads\/2022\/09\/fachada-300x108.jpg\" alt=\"\" width=\"1200\" height=\"432\" srcset=\"http:\/\/hotelhyperion.com\/site2\/wp-content\/uploads\/2022\/09\/fachada-300x108.jpg 300w, http:\/\/hotelhyperion.com\/site2\/wp-content\/uploads\/2022\/09\/fachada-700x252.jpg 700w, http:\/\/hotelhyperion.com\/site2\/wp-content\/uploads\/2022\/09\/fachada.jpg 708w\" sizes=\"(max-width: 1200px) 100vw, 1200px\" \/>[\/vc_column_text][vc_empty_space height=&#8221;20&#8243;][vc_single_image image=&#8221;356&#8243; img_size=&#8221;800&#215;400&#8243; qode_css_animation=&#8221;&#8221;][vc_empty_space height=&#8221;20&#8243;][vc_column_text css=&#8221;.vc_custom_1664196091927{background-color: #2c416f !important;}&#8221;]<span style=\"color: #ffffff;\"><strong>\u00a0 RECEP\u00c7\u00c3O E SAL\u00c3O &#8211; VIS\u00c3O 360<\/strong><\/span>[\/vc_column_text][vc_column_text][panorama id=382][\/vc_column_text][vc_empty_space height=&#8221;20&#8243;][vc_column_text][panorama id=384][\/vc_column_text][vc_empty_space height=&#8221;20&#8243;][vc_column_text]<\/p>\n<p style=\"text-align: justify;\">We at The Hyperion are here to serve you and make sure you have a comfortable stay and our key-words will always be : service and respect. We will always try to meet all your requirements and answer to all your questions and in the reception we speak no less than 6 languages, besides Portuguese, of course. Therefore I am convinced we will understand each other very easily, in all means.<\/p>\n<p>&nbsp;<\/p>\n<p style=\"text-align: justify;\">Our rooms are all modern equipped with air-com, mini-bar, safety-box, cable TV, and free Wi-Fi in all the hotel area. Our prices include a continental breakfast, served at your convenience in the restaurant ( 08:00 \u2013 10:30). English breakfast available at additional cost, if required please advice in reception the night before.<\/p>\n<p>&nbsp;<\/p>\n<p style=\"text-align: justify;\">The entire Hyperion-team will receive you with open arms in our comfortable Greek Style Boutique Hotel, located at the only access road to Joaquina Beach ( a 15 min walk) and the Praia Mole ( 18 min walk ) . We are at 5 min. from the Lagoa and along the lake \u201cavenue\u201d ( Ave das Rendeiras) you will find an overwhelming choice of bars and restaurants, as well as boat trips to cozy Costa da Lagoa ( a small fishing community, which only access is by boat ).<\/p>\n<p>&nbsp;<\/p>\n<p style=\"text-align: justify;\">With over 43 different beaches on an island only apprx. 60 km long and 30 km in width you will easily find you preferred beach, which might be one of our two neighboring beaches Mole and Joaquina. Mole has large waves and soft sand, ideal for all kind of water sports and is also known as the point of meeting for the local GLS community . Bar do Deca ( GLS meeting spot) is located at the far North end of Mole, neighboring the nudist beach Galheta. Joaquina beach is world famous for its great waves and every year holds a World Surf Championship, so a real surfers paradise. Alternatively at the North point of the island you have Jurer\u00e9 Int., being the jet-setters preferred beach, with the famous high-tech night-clubs such as P12, Pacha or Cafe de la Musique,- a beach that lives 24\/7 during summer. If you are more the quiet type, head South to Pantanal do Sul and enjoy the solitude of the 2,5 H picturesque walking trail to the \u201cLagoinha do l Este \u201d beach. Here there is no infrastructure at all, no cars and no noise, only you, the ocean and the sun.<\/p>\n<p>&nbsp;<\/p>\n<p style=\"text-align: justify;\">At The Hyperion we serve and respect every guest equally, man or woman, whatever the color, religion and sexual orientation, and the only thing we ask of you , is to accept and respect this diversity too. With this in mind I am sure everyone will feel comfortable here and I wish you all warmly welcome to The Hyperion.<\/p>\n<p>&nbsp;<\/p>\n<h4 style=\"text-align: justify;\">Jens N Nielsen<\/h4>\n<p>&nbsp;<\/p>\n<h4 style=\"text-align: justify;\"><strong>Propriet\u00e1rio \/ Gerente Geral<\/strong><\/h4>\n<p>&nbsp;<\/p>\n<h5 style=\"text-align: justify;\">Membro do IGLTA<\/h5>\n<p>[\/vc_column_text][vc_empty_space height=&#8221;40&#8243;][\/vc_column][vc_column width=&#8221;1\/6&#8243;][\/vc_column][\/vc_row]<\/p>\n","protected":false},"excerpt":{"rendered":"<p>[vc_row css_animation=&#8221;&#8221; row_type=&#8221;row&#8221; use_row_as_full_screen_section=&#8221;no&#8221; type=&#8221;full_width&#8221; angled_section=&#8221;no&#8221; text_align=&#8221;left&#8221; background_image_as_pattern=&#8221;without_pattern&#8221;][vc_column width=&#8221;1\/6&#8243;][\/vc_column][vc_column width=&#8221;2\/3&#8243;][vc_empty_space][vc_column_text] ABOUT US [\/vc_column_text][vc_empty_space height=&#8221;40&#8243;][vc_column_text] Welcome to The Hyperion Boutique Hotel located on the Magic Island of Florian\u00f3polis, Brazil. The hotel located in the small village of Lagoa da Concei\u00e7\u00e3o, close to the beaches of Joaquina&#8230;<\/p>\n","protected":false},"author":1,"featured_media":0,"parent":0,"menu_order":0,"comment_status":"closed","ping_status":"closed","template":"","meta":[],"_links":{"self":[{"href":"http:\/\/hotelhyperion.com\/site2\/index.php\/wp-json\/wp\/v2\/pages\/343"}],"collection":[{"href":"http:\/\/hotelhyperion.com\/site2\/index.php\/wp-json\/wp\/v2\/pages"}],"about":[{"href":"http:\/\/hotelhyperion.com\/site2\/index.php\/wp-json\/wp\/v2\/types\/page"}],"author":[{"embeddable":true,"href":"http:\/\/hotelhyperion.com\/site2\/index.php\/wp-json\/wp\/v2\/users\/1"}],"replies":[{"embeddable":true,"href":"http:\/\/hotelhyperion.com\/site2\/index.php\/wp-json\/wp\/v2\/comments?post=343"}],"version-history":[{"count":27,"href":"http:\/\/hotelhyperion.com\/site2\/index.php\/wp-json\/wp\/v2\/pages\/343\/revisions"}],"predecessor-version":[{"id":537,"href":"http:\/\/hotelhyperion.com\/site2\/index.php\/wp-json\/wp\/v2\/pages\/343\/revisions\/537"}],"wp:attachment":[{"href":"http:\/\/hotelhyperion.com\/site2\/index.php\/wp-json\/wp\/v2\/media?parent=343"}],"curies":[{"name":"wp","href":"https:\/\/api.w.org\/{rel}","templated":true}]}}