{"id":568,"date":"2025-11-12T17:29:18","date_gmt":"2025-11-12T20:29:18","guid":{"rendered":"https:\/\/hotelhyperion.com\/site\/?page_id=568"},"modified":"2025-11-12T17:58:42","modified_gmt":"2025-11-12T20:58:42","slug":"blog","status":"publish","type":"page","link":"https:\/\/hotelhyperion.com\/site\/blog\/","title":{"rendered":"Blog"},"content":{"rendered":"<p>[vc_row css_animation=&#8221;&#8221; row_type=&#8221;row&#8221; use_row_as_full_screen_section=&#8221;no&#8221; type=&#8221;full_width&#8221; angled_section=&#8221;no&#8221; text_align=&#8221;left&#8221; background_image_as_pattern=&#8221;without_pattern&#8221;][vc_column][vc_empty_space][vc_column_text]<\/p>\n<h2 style=\"text-align: center;\">Blog Hyperion<\/h2>\n<p>[\/vc_column_text][vc_empty_space]<div class='q_masonry_blog'><div class=\"q_masonry_blog_grid_sizer\"><\/div><div class=\"q_masonry_blog_grid_gutter\"><\/div><article  class='post-588 post type-post status-publish format-standard hentry category-dicas tag-trilhas-em-florianopolis tag-trilhas-em-floripa tag-trilhas-lagoa-da-conceicao '><div class=\"q_masonry_blog_post_image\"><\/div><div class=\"q_masonry_blog_post_text\"><h4 itemprop=\"name\" class=\"q_masonry_blog_title entry_title\"><a itemprop=\"url\" href=\"https:\/\/hotelhyperion.com\/site\/melhores-trilhas-em-florianopolis-para-quem-se-hospeda-na-lagoa-da-conceicao\/\">Melhores trilhas em Florian\u00f3polis para quem se hospeda na Lagoa da Concei\u00e7\u00e3o<\/a><\/h4><p itemprop=\"description\" class=\"q_masonry_blog_excerpt\">A natureza ao redor da Lagoa da Concei\u00e7\u00e3o Florian\u00f3polis \u00e9 conhecida por suas praias paradis\u00edacas, mas quem visita a ilha logo descobre outro grande atrativo: suas trilhas ecol\u00f3gicas. S\u00e3o dezenas de caminhos que cortam morros, restingas e cost\u00f5es, revelando mirantes, cachoeiras e praias isoladas. A......<\/p><div class=\"q_masonry_blog_post_info\"><\/div><\/div><\/article><article  class='post-585 post type-post status-publish format-standard hentry category-dicas tag-hotel-na-joaquina tag-pousada-em-florianopolis tag-pousada-joaquina tag-praia-da-joaquina '><div class=\"q_masonry_blog_post_image\"><\/div><div class=\"q_masonry_blog_post_text\"><h4 itemprop=\"name\" class=\"q_masonry_blog_title entry_title\"><a itemprop=\"url\" href=\"https:\/\/hotelhyperion.com\/site\/praia-da-joaquina-historia-surf-e-o-que-esperar-de-um-dos-cartoes-postais-de-florianopolis\/\">Praia da Joaquina: hist\u00f3ria, surf e o que esperar de um dos cart\u00f5es-postais de Florian\u00f3polis<\/a><\/h4><p itemprop=\"description\" class=\"q_masonry_blog_excerpt\">Um cl\u00e1ssico de Florian\u00f3polis A Praia da Joaquina \u00e9 uma das mais famosas e ic\u00f4nicas de Florian\u00f3polis \u2014 e com raz\u00e3o. Suas ondas perfeitas, dunas douradas e paisagens de tirar o f\u00f4lego fazem dela um destino obrigat\u00f3rio para quem visita a ilha. Localizada a poucos......<\/p><div class=\"q_masonry_blog_post_info\"><\/div><\/div><\/article><article  class='post-576 post type-post status-publish format-standard hentry category-dicas tag-florianopolis tag-hospedagem-na-lagoa-da-conceicao tag-lagoa-da-conceicao tag-pousada-na-lagoa-da-conceicao '><div class=\"q_masonry_blog_post_image\"><\/div><div class=\"q_masonry_blog_post_text\"><h4 itemprop=\"name\" class=\"q_masonry_blog_title entry_title\"><a itemprop=\"url\" href=\"https:\/\/hotelhyperion.com\/site\/o-que-fazer-na-lagoa-da-conceicao-guia-completo-para-aproveitar-o-melhor-de-florianopolis\/\">O que fazer na Lagoa da Concei\u00e7\u00e3o: guia completo para aproveitar o melhor de Florian\u00f3polis<\/a><\/h4><p itemprop=\"description\" class=\"q_masonry_blog_excerpt\">Um dos destinos mais encantadores de Florian\u00f3polis A Lagoa da Concei\u00e7\u00e3o \u00e9 um dos lugares mais encantadores e vibrantes de Florian\u00f3polis. Cercada por morros cobertos de mata atl\u00e2ntica, praias paradis\u00edacas e uma atmosfera leve e acolhedora, ela combina o melhor da natureza com o charme......<\/p><div class=\"q_masonry_blog_post_info\"><\/div><\/div><\/article><\/div>[\/vc_column][\/vc_row]<\/p>\n","protected":false},"excerpt":{"rendered":"<p>[vc_row css_animation=&#8221;&#8221; row_type=&#8221;row&#8221; use_row_as_full_screen_section=&#8221;no&#8221; type=&#8221;full_width&#8221; angled_section=&#8221;no&#8221; text_align=&#8221;left&#8221; background_image_as_pattern=&#8221;without_pattern&#8221;][vc_column][vc_empty_space][vc_column_text] Blog Hyperion [\/vc_column_text][vc_empty_space][\/vc_column][\/vc_row]<\/p>\n","protected":false},"author":1,"featured_media":0,"parent":0,"menu_order":0,"comment_status":"closed","ping_status":"closed","template":"","meta":[],"_links":{"self":[{"href":"https:\/\/hotelhyperion.com\/site\/wp-json\/wp\/v2\/pages\/568"}],"collection":[{"href":"https:\/\/hotelhyperion.com\/site\/wp-json\/wp\/v2\/pages"}],"about":[{"href":"https:\/\/hotelhyperion.com\/site\/wp-json\/wp\/v2\/types\/page"}],"author":[{"embeddable":true,"href":"https:\/\/hotelhyperion.com\/site\/wp-json\/wp\/v2\/users\/1"}],"replies":[{"embeddable":true,"href":"https:\/\/hotelhyperion.com\/site\/wp-json\/wp\/v2\/comments?post=568"}],"version-history":[{"count":3,"href":"https:\/\/hotelhyperion.com\/site\/wp-json\/wp\/v2\/pages\/568\/revisions"}],"predecessor-version":[{"id":573,"href":"https:\/\/hotelhyperion.com\/site\/wp-json\/wp\/v2\/pages\/568\/revisions\/573"}],"wp:attachment":[{"href":"https:\/\/hotelhyperion.com\/site\/wp-json\/wp\/v2\/media?parent=568"}],"curies":[{"name":"wp","href":"https:\/\/api.w.org\/{rel}","templated":true}]}}