{"id":7,"date":"2018-06-15T10:47:25","date_gmt":"2018-06-15T10:47:25","guid":{"rendered":"http:\/\/bridge249.qodeinteractive.com\/?page_id=7"},"modified":"2025-11-19T09:24:09","modified_gmt":"2025-11-19T12:24:09","slug":"home","status":"publish","type":"page","link":"https:\/\/hotelhyperion.com\/site\/","title":{"rendered":"Home"},"content":{"rendered":"<p>[vc_row css_animation=&#8221;&#8221; row_type=&#8221;row&#8221; use_row_as_full_screen_section=&#8221;no&#8221; type=&#8221;full_width&#8221; angled_section=&#8221;no&#8221; text_align=&#8221;left&#8221; background_image_as_pattern=&#8221;without_pattern&#8221; z_index=&#8221;&#8221; css=&#8221;.vc_custom_1762980756927{background-image: url(http:\/\/hotelhyperion.com\/site\/wp-content\/uploads\/2022\/09\/slider1.1.png?id=479) !important;}&#8221;][vc_column][vc_empty_space height=&#8221;632px&#8221;][\/vc_column][\/vc_row][vc_row css_animation=&#8221;&#8221; row_type=&#8221;row&#8221; use_row_as_full_screen_section=&#8221;no&#8221; type=&#8221;grid&#8221; angled_section=&#8221;no&#8221; text_align=&#8221;center&#8221; background_image_as_pattern=&#8221;without_pattern&#8221; anchor=&#8221;Home&#8221; padding_top=&#8221;15&#8243; z_index=&#8221;&#8221;][vc_column css=&#8221;.vc_custom_1529393566232{margin-top: -120px !important;}&#8221;][vc_empty_space height=&#8221;170px&#8221;][vc_column_text]<\/p>\n<h1 style=\"color: #254272; text-align: left;\">BEM VINDO<\/h1>\n<p>[\/vc_column_text][vc_empty_space height=&#8221;80px&#8221;][\/vc_column][\/vc_row][vc_row css_animation=&#8221;&#8221; row_type=&#8221;row&#8221; use_row_as_full_screen_section=&#8221;no&#8221; type=&#8221;grid&#8221; angled_section=&#8221;no&#8221; text_align=&#8221;left&#8221; background_image_as_pattern=&#8221;without_pattern&#8221; z_index=&#8221;&#8221; css=&#8221;.vc_custom_1663593067007{padding-bottom: 70px !important;}&#8221;][vc_column css=&#8221;.vc_custom_1529072175747{margin-top: -6% !important;}&#8221;][vc_row_inner row_type=&#8221;row&#8221; type=&#8221;grid&#8221; text_align=&#8221;left&#8221; css_animation=&#8221;&#8221;][vc_column_inner css=&#8221;.vc_custom_1529397663339{padding-left: 50px !important;}&#8221; offset=&#8221;vc_col-lg-4 vc_col-md-4&#8243;][vc_empty_space][vc_column_text]<\/p>\n<p style=\"color: #254272;\"><strong>The Hyperion Boutique Hotel<\/strong>\u00a0localizado na Ilha da Magia de <strong>Florian\u00f3polis,<\/strong> Brasil. O hotel localizado na pequena comunidade da Lagoa da Concei\u00e7\u00e3o, perto das praias da Joaquina e Mole, tem o nome de um dos 12 Tit\u00e3s da Gr\u00e9cia, Hyperion, o Deus da Luz, e com certeza voc\u00ea vai se sentir \u201censolarado\u201d aqui em nosso maravilhoso Boutique Hotel de alto padr\u00e3o que tem numa das melhores localiza\u00e7\u00f5es desta ilha fabulosa de natureza exuberante, lagoas e praias lindas bem como uma vida noturna agitada.<\/p>\n<p>[\/vc_column_text][\/vc_column_inner][vc_column_inner css=&#8221;.vc_custom_1529397672346{padding-left: 50px !important;}&#8221; offset=&#8221;vc_col-lg-4 vc_col-md-4&#8243;][vc_empty_space][vc_column_text]<\/p>\n<p style=\"color: #254272;\">No Hyperion\u00a0 estamos aqui para serv\u00ed-lo e para garantir que voc\u00ea tenha uma estadia confort\u00e1vel. Nosso lema: servi\u00e7o e respeito. Vamos sempre tentar satisfazer todas as suas necessidades e responder a todas as suas quest\u00f5es. Na recep\u00e7\u00e3o falamos seis idiomas al\u00e9m do portugu\u00eas, \u00e9 claro. Por isso, estou convencido\u00a0 de que vamos entender \u00a0um ao outro com muita facilidade, em todos os sentidos.<\/p>\n<p>&nbsp;<\/p>\n<p style=\"color: #254272;\">[\/vc_column_text]<a  itemprop=\"url\" href=\"http:\/\/hotelhyperion.com\/site\/index.php\/sobre\/\" target=\"_self\" data-hover-background-color='#254272' data-hover-border-color='#ffffff' data-hover-color='#ffffff' class=\"qbutton  default\" style=\"color: #ffffff; border-color: #254272; background-color: #254272;\">SAIBA MAIS<\/a>[\/vc_column_inner][vc_column_inner css=&#8221;.vc_custom_1529397681146{padding-left: 50px !important;}&#8221; offset=&#8221;vc_col-lg-4 vc_col-md-4&#8243;][vc_empty_space][vc_single_image image=&#8221;437&#8243; img_size=&#8221;300&#215;300&#8243; qode_css_animation=&#8221;&#8221;][vc_empty_space][\/vc_column_inner][\/vc_row_inner][\/vc_column][\/vc_row][vc_row css_animation=&#8221;&#8221; row_type=&#8221;row&#8221; use_row_as_full_screen_section=&#8221;no&#8221; type=&#8221;grid&#8221; angled_section=&#8221;no&#8221; text_align=&#8221;left&#8221; background_image_as_pattern=&#8221;without_pattern&#8221; z_index=&#8221;&#8221; css=&#8221;.vc_custom_1663593148641{padding-top: 90px !important;padding-bottom: 90px !important;background-color: #254272 !important;}&#8221;][vc_column width=&#8221;1\/3&#8243;][vc_empty_space][vc_single_image image=&#8221;445&#8243; img_size=&#8221;300&#215;300&#8243; qode_css_animation=&#8221;&#8221;][vc_empty_space][\/vc_column][vc_column width=&#8221;2\/3&#8243;][vc_empty_space height=&#8221;72px&#8221;][vc_column_text]<\/p>\n<h1 style=\"color: white; text-align: left;\">QUARTOS<\/h1>\n<p>[\/vc_column_text][vc_empty_space height=&#8221;60px&#8221;][vc_column_text]<\/p>\n<p style=\"color: white; text-align: left;\">Nossos quartos s\u00e3o todos modernos, equipados com ar-condicionado, frigobar, cofre, TV a cabo e acesso gratuito \u00e0 internet sem fio (Wi-Fi) em toda a \u00e1rea do hotel. Nossos pre\u00e7os incluem um caf\u00e9 da manh\u00e3 continental, servido \u00e0 sua conveni\u00eancia no sal\u00e3o (08:00 \u2013 10:30).<\/p>\n<p>[\/vc_column_text][vc_empty_space height=&#8221;40px&#8221;]<a  itemprop=\"url\" href=\"http:\/\/hotelhyperion.com\/site\/index.php\/quartos\/\" target=\"_self\" data-hover-background-color='#26b6ff' data-hover-border-color='#26b6ff' data-hover-color='#ffffff' class=\"qbutton  default\" style=\"color: #254272; border-color: #ffffff; background-color: #ffffff;\">SAIBA MAIS<\/a>[vc_empty_space height=&#8221;60px&#8221;][\/vc_column][\/vc_row][vc_row css_animation=&#8221;&#8221; row_type=&#8221;row&#8221; use_row_as_full_screen_section=&#8221;no&#8221; type=&#8221;full_width&#8221; angled_section=&#8221;no&#8221; text_align=&#8221;left&#8221; background_image_as_pattern=&#8221;without_pattern&#8221; z_index=&#8221;&#8221;][vc_column width=&#8221;1\/2&#8243;][vc_row_inner row_type=&#8221;row&#8221; type=&#8221;full_width&#8221; text_align=&#8221;left&#8221; css_animation=&#8221;&#8221; css=&#8221;.vc_custom_1663729089165{padding-left: 50px !important;}&#8221;][vc_column_inner][vc_empty_space height=&#8221;100px&#8221;][vc_column_text]<\/p>\n<h1 style=\"color: #254272; text-align: left;\">LOCALIZA\u00c7\u00c3O<\/h1>\n<p>[\/vc_column_text][vc_empty_space height=&#8221;60px&#8221;][vc_column_text]<\/p>\n<p style=\"color: #254272; text-align: left;\">Avenida Prefeito Ac\u00e1cio Garibaldi S\u00e3o Thiago, n\u00ba 399<\/p>\n<p style=\"color: #254272; text-align: left;\">(Pr\u00f3ximo \u00e0 Praia Mole \/ Joaquina)<\/p>\n<p style=\"color: #254272; text-align: left;\">Florian\u00f3polis &#8211; SC<\/p>\n<p>[\/vc_column_text][vc_empty_space][vc_column_text]<\/p>\n<h3 style=\"color: #254272; text-align: left;\"><strong>Reservas:<\/strong> +55 (48) 3879 3855<\/h3>\n<p>[\/vc_column_text][vc_empty_space][vc_column_text]<span class='q_social_icon_holder normal_social' data-color=#254272 data-hover-color=#254272><a itemprop='url' href='https:\/\/www.facebook.com\/hyperionboutiquehotel' target='_blank'><i class=\"qode_icon_font_awesome fa fa-facebook  simple_social\" style=\"color: #254272;margin: 0 12px 0 0 ;font-size: 25px;\" ><\/i><\/a><\/span><span class='q_social_icon_holder normal_social' data-color=#254272 data-hover-color=#254272><a itemprop='url' href='https:\/\/www.instagram.com\/hyperionboutiquehotel\/' target='_blank'><i class=\"qode_icon_font_awesome fa fa-instagram  simple_social\" style=\"color: #254272;margin: 0 0px 0 0 ;font-size: 25px;\" ><\/i><\/a><\/span>[\/vc_column_text][\/vc_column_inner][\/vc_row_inner][\/vc_column][vc_column width=&#8221;1\/2&#8243;][vc_gmaps link=&#8221;#E-8_JTNDaWZyYW1lJTIwc3JjJTNEJTIyaHR0cHMlM0ElMkYlMkZ3d3cuZ29vZ2xlLmNvbSUyRm1hcHMlMkZlbWJlZCUzRnBiJTNEJTIxMW0xOCUyMTFtMTIlMjExbTMlMjExZDM1MzUuNDAxMzk5MjM0OTA0NiUyMTJkLTQ4LjQ0NTMwMzk4NDc3ODAxNSUyMTNkLTI3LjYxMjA4MjMyOTM4NDQyOCUyMTJtMyUyMTFmMCUyMTJmMCUyMTNmMCUyMTNtMiUyMTFpMTAyNCUyMTJpNzY4JTIxNGYxMy4xJTIxM20zJTIxMW0yJTIxMXMweDk1MjczYzJhMzJhMTExYjMlMjUzQTB4MWEwZTI4ODA3YTA3OWZhZCUyMTJzVGhlJTI1MjBIeXBlcmlvbiUyNTIwQm91dGlxdWUlMjUyMEhvdGVsJTIxNWUwJTIxM20yJTIxMXNwdC1CUiUyMTJzYnIlMjE0djE2NjMxNzU0NjkzNTUlMjE1bTIlMjExc3B0LUJSJTIxMnNiciUyMiUyMHdpZHRoJTNEJTIyNjAwJTIyJTIwaGVpZ2h0JTNEJTIyNTUwJTIyJTIwc3R5bGUlM0QlMjJib3JkZXIlM0EwJTNCJTIyJTIwYWxsb3dmdWxsc2NyZWVuJTNEJTIyJTIyJTIwbG9hZGluZyUzRCUyMmxhenklMjIlMjByZWZlcnJlcnBvbGljeSUzRCUyMm5vLXJlZmVycmVyLXdoZW4tZG93bmdyYWRlJTIyJTNFJTNDJTJGaWZyYW1lJTNF&#8221;][\/vc_column][\/vc_row]<\/p>\n","protected":false},"excerpt":{"rendered":"<p>[vc_row css_animation=&#8221;&#8221; row_type=&#8221;row&#8221; use_row_as_full_screen_section=&#8221;no&#8221; type=&#8221;full_width&#8221; angled_section=&#8221;no&#8221; text_align=&#8221;left&#8221; background_image_as_pattern=&#8221;without_pattern&#8221; z_index=&#8221;&#8221; css=&#8221;.vc_custom_1762980756927{background-image: url(http:\/\/hotelhyperion.com\/site\/wp-content\/uploads\/2022\/09\/slider1.1.png?id=479) !important;}&#8221;][vc_column][vc_empty_space height=&#8221;632px&#8221;][\/vc_column][\/vc_row][vc_row css_animation=&#8221;&#8221; row_type=&#8221;row&#8221; use_row_as_full_screen_section=&#8221;no&#8221; type=&#8221;grid&#8221; angled_section=&#8221;no&#8221; text_align=&#8221;center&#8221; background_image_as_pattern=&#8221;without_pattern&#8221; anchor=&#8221;Home&#8221; padding_top=&#8221;15&#8243; z_index=&#8221;&#8221;][vc_column css=&#8221;.vc_custom_1529393566232{margin-top: -120px !important;}&#8221;][vc_empty_space height=&#8221;170px&#8221;][vc_column_text] BEM VINDO [\/vc_column_text][vc_empty_space height=&#8221;80px&#8221;][\/vc_column][\/vc_row][vc_row css_animation=&#8221;&#8221; row_type=&#8221;row&#8221; use_row_as_full_screen_section=&#8221;no&#8221; type=&#8221;grid&#8221; angled_section=&#8221;no&#8221; text_align=&#8221;left&#8221; background_image_as_pattern=&#8221;without_pattern&#8221; z_index=&#8221;&#8221; css=&#8221;.vc_custom_1663593067007{padding-bottom: 70px !important;}&#8221;][vc_column css=&#8221;.vc_custom_1529072175747{margin-top: -6% !important;}&#8221;][vc_row_inner&#8230;<\/p>\n","protected":false},"author":1,"featured_media":0,"parent":0,"menu_order":0,"comment_status":"closed","ping_status":"closed","template":"full_width.php","meta":[],"_links":{"self":[{"href":"https:\/\/hotelhyperion.com\/site\/wp-json\/wp\/v2\/pages\/7"}],"collection":[{"href":"https:\/\/hotelhyperion.com\/site\/wp-json\/wp\/v2\/pages"}],"about":[{"href":"https:\/\/hotelhyperion.com\/site\/wp-json\/wp\/v2\/types\/page"}],"author":[{"embeddable":true,"href":"https:\/\/hotelhyperion.com\/site\/wp-json\/wp\/v2\/users\/1"}],"replies":[{"embeddable":true,"href":"https:\/\/hotelhyperion.com\/site\/wp-json\/wp\/v2\/comments?post=7"}],"version-history":[{"count":82,"href":"https:\/\/hotelhyperion.com\/site\/wp-json\/wp\/v2\/pages\/7\/revisions"}],"predecessor-version":[{"id":592,"href":"https:\/\/hotelhyperion.com\/site\/wp-json\/wp\/v2\/pages\/7\/revisions\/592"}],"wp:attachment":[{"href":"https:\/\/hotelhyperion.com\/site\/wp-json\/wp\/v2\/media?parent=7"}],"curies":[{"name":"wp","href":"https:\/\/api.w.org\/{rel}","templated":true}]}}