{"id":7,"date":"2018-06-15T10:47:25","date_gmt":"2018-06-15T10:47:25","guid":{"rendered":"http:\/\/bridge249.qodeinteractive.com\/?page_id=7"},"modified":"2025-11-19T10:45:05","modified_gmt":"2025-11-19T13:45:05","slug":"home","status":"publish","type":"page","link":"https:\/\/hotelhyperion.com\/site2\/","title":{"rendered":"Home"},"content":{"rendered":"<p>[vc_row css_animation=&#8221;&#8221; row_type=&#8221;row&#8221; use_row_as_full_screen_section=&#8221;no&#8221; type=&#8221;full_width&#8221; angled_section=&#8221;no&#8221; text_align=&#8221;left&#8221; background_image_as_pattern=&#8221;without_pattern&#8221; z_index=&#8221;&#8221; css=&#8221;.vc_custom_1763559899210{background-image: url(http:\/\/hotelhyperion.com\/site2\/wp-content\/uploads\/2022\/09\/slider1.1.png?id=479) !important;}&#8221;][vc_column][vc_empty_space height=&#8221;600px&#8221;][\/vc_column][\/vc_row][vc_row css_animation=&#8221;&#8221; row_type=&#8221;row&#8221; use_row_as_full_screen_section=&#8221;no&#8221; type=&#8221;grid&#8221; angled_section=&#8221;no&#8221; text_align=&#8221;center&#8221; background_image_as_pattern=&#8221;without_pattern&#8221; anchor=&#8221;Home&#8221; padding_top=&#8221;15&#8243; z_index=&#8221;&#8221;][vc_column css=&#8221;.vc_custom_1529393566232{margin-top: -120px !important;}&#8221;][vc_empty_space height=&#8221;170px&#8221;][vc_column_text]<\/p>\n<h1 style=\"color: #254272; text-align: left;\">WELCOME<\/h1>\n<p>[\/vc_column_text][vc_empty_space height=&#8221;80px&#8221;][\/vc_column][\/vc_row][vc_row css_animation=&#8221;&#8221; row_type=&#8221;row&#8221; use_row_as_full_screen_section=&#8221;no&#8221; type=&#8221;grid&#8221; angled_section=&#8221;no&#8221; text_align=&#8221;left&#8221; background_image_as_pattern=&#8221;without_pattern&#8221; z_index=&#8221;&#8221; css=&#8221;.vc_custom_1663593067007{padding-bottom: 70px !important;}&#8221;][vc_column css=&#8221;.vc_custom_1529072175747{margin-top: -6% !important;}&#8221;][vc_row_inner row_type=&#8221;row&#8221; type=&#8221;grid&#8221; text_align=&#8221;left&#8221; css_animation=&#8221;&#8221;][vc_column_inner css=&#8221;.vc_custom_1529397663339{padding-left: 50px !important;}&#8221; offset=&#8221;vc_col-lg-4 vc_col-md-4&#8243;][vc_empty_space][vc_column_text]<\/p>\n<p style=\"color: #254272;\"><strong>The Hyperion Boutique Hotel<\/strong> located on the Magic Island of Florian\u00f3polis, Brazil. The hotel located in the small village of Lagoa da Concei\u00e7\u00e3o, close to the beaches of Joaquina and Mole, is named after one of the greek Titans, Hyperion, God of the Light, and you will definitely feel \u201cenlightened\u201d here in our wonderful and high service Boutique Hotel with the best location on the fabulous island with breathtaking nature , the Lagoa lake and beautiful beaches, as well as a tremendous and vibrant night-life.<\/p>\n<p>[\/vc_column_text][\/vc_column_inner][vc_column_inner css=&#8221;.vc_custom_1529397672346{padding-left: 50px !important;}&#8221; offset=&#8221;vc_col-lg-4 vc_col-md-4&#8243;][vc_empty_space][vc_column_text]<\/p>\n<p style=\"color: #254272;\">We at The Hyperion are here to serve you and make sure you have a comfortable stay and our key-words will always be : service and respect. We will always try to meet all your requirements and answer to all your questions and in the reception we speak no less than 6 languages, besides Portuguese, of course. Therefore I am convinced we will understand each other very easily, in all means.<\/p>\n<p>[\/vc_column_text][vc_empty_space]<a  itemprop=\"url\" href=\"http:\/\/hotelhyperion.com\/site2\/index.php\/sobre\/\" target=\"_self\" data-hover-background-color='#254272' data-hover-border-color='#ffffff' data-hover-color='#ffffff' class=\"qbutton  default\" style=\"color: #ffffff; border-color: #254272; background-color: #254272;\">MORE INFO<\/a>[\/vc_column_inner][vc_column_inner css=&#8221;.vc_custom_1529397681146{padding-left: 50px !important;}&#8221; offset=&#8221;vc_col-lg-4 vc_col-md-4&#8243;][vc_empty_space][vc_single_image image=&#8221;437&#8243; img_size=&#8221;300&#215;300&#8243; qode_css_animation=&#8221;&#8221;][vc_empty_space][\/vc_column_inner][\/vc_row_inner][\/vc_column][\/vc_row][vc_row css_animation=&#8221;&#8221; row_type=&#8221;row&#8221; use_row_as_full_screen_section=&#8221;no&#8221; type=&#8221;grid&#8221; angled_section=&#8221;no&#8221; text_align=&#8221;left&#8221; background_image_as_pattern=&#8221;without_pattern&#8221; z_index=&#8221;&#8221; css=&#8221;.vc_custom_1663593148641{padding-top: 90px !important;padding-bottom: 90px !important;background-color: #254272 !important;}&#8221;][vc_column width=&#8221;1\/3&#8243;][vc_empty_space][vc_single_image image=&#8221;445&#8243; img_size=&#8221;300&#215;300&#8243; qode_css_animation=&#8221;&#8221;][vc_empty_space][\/vc_column][vc_column width=&#8221;2\/3&#8243;][vc_empty_space height=&#8221;72px&#8221;][vc_column_text]<\/p>\n<h1 style=\"color: white; text-align: left;\">ROOMS<\/h1>\n<p>[\/vc_column_text][vc_empty_space height=&#8221;60px&#8221;][vc_column_text]<\/p>\n<p style=\"color: white; text-align: left;\">Our rooms are all modern equipped with air-com, mini-bar, safety-box, cable TV, and free Wi-Fi in all the hotel area. Our prices include a continental breakfast, served at your convenience either in the restaurant ( 08.00 \u2013 10.30).<\/p>\n<p>[\/vc_column_text][vc_empty_space height=&#8221;40px&#8221;]<a  itemprop=\"url\" href=\"http:\/\/hotelhyperion.com\/site2\/index.php\/quartos\/\" target=\"_self\" data-hover-background-color='#26b6ff' data-hover-border-color='#26b6ff' data-hover-color='#ffffff' class=\"qbutton  default\" style=\"color: #254272; border-color: #ffffff; background-color: #ffffff;\">MORE INFO<\/a>[vc_empty_space height=&#8221;60px&#8221;][\/vc_column][\/vc_row][vc_row css_animation=&#8221;&#8221; row_type=&#8221;row&#8221; use_row_as_full_screen_section=&#8221;no&#8221; type=&#8221;full_width&#8221; angled_section=&#8221;no&#8221; text_align=&#8221;left&#8221; background_image_as_pattern=&#8221;without_pattern&#8221; z_index=&#8221;&#8221;][vc_column width=&#8221;1\/2&#8243;][vc_row_inner row_type=&#8221;row&#8221; type=&#8221;full_width&#8221; text_align=&#8221;left&#8221; css_animation=&#8221;&#8221; css=&#8221;.vc_custom_1663729089165{padding-left: 50px !important;}&#8221;][vc_column_inner][vc_empty_space height=&#8221;100px&#8221;][vc_column_text]<\/p>\n<h1 style=\"color: #254272; text-align: left;\">LOCATION<\/h1>\n<p>[\/vc_column_text][vc_empty_space height=&#8221;60px&#8221;][vc_column_text]<\/p>\n<p style=\"color: #254272; text-align: left;\"><em>Avenida Prefeito Ac\u00e1cio Garibaldi Santiago, n\u00ba 399<\/em><\/p>\n<p style=\"color: #254272; text-align: left;\"><em>(Close to Praia Mole \/ Joaquina)<\/em><\/p>\n<p style=\"color: #254272; text-align: left;\">Florian\u00f3polis &#8211; SC<\/p>\n<p>[\/vc_column_text][vc_empty_space][vc_column_text]<\/p>\n<p style=\"color: #254272; text-align: left;\"><strong>Reservation: <\/strong>+55 (48) 3879 3855<\/p>\n<p>[\/vc_column_text][vc_empty_space][vc_column_text]<span class='q_social_icon_holder normal_social' data-color=#254272 data-hover-color=#254272><a itemprop='url' href='https:\/\/www.facebook.com\/hyperionboutiquehotel' target='_blank'><i class=\"qode_icon_font_awesome fa fa-facebook  simple_social\" style=\"color: #254272;margin: 0 12px 0 0 ;font-size: 25px;\" ><\/i><\/a><\/span><span class='q_social_icon_holder normal_social' data-color=#254272 data-hover-color=#254272><a itemprop='url' href='https:\/\/www.instagram.com\/hyperionboutiquehotel\/' target='_blank'><i class=\"qode_icon_font_awesome fa fa-instagram  simple_social\" style=\"color: #254272;margin: 0 0px 0 0 ;font-size: 25px;\" ><\/i><\/a><\/span>[\/vc_column_text][\/vc_column_inner][\/vc_row_inner][\/vc_column][vc_column width=&#8221;1\/2&#8243;][vc_gmaps link=&#8221;#E-8_JTNDaWZyYW1lJTIwc3JjJTNEJTIyaHR0cHMlM0ElMkYlMkZ3d3cuZ29vZ2xlLmNvbSUyRm1hcHMlMkZlbWJlZCUzRnBiJTNEJTIxMW0xOCUyMTFtMTIlMjExbTMlMjExZDM1MzUuNDAxMzk5MjM0OTA0NiUyMTJkLTQ4LjQ0NTMwMzk4NDc3ODAxNSUyMTNkLTI3LjYxMjA4MjMyOTM4NDQyOCUyMTJtMyUyMTFmMCUyMTJmMCUyMTNmMCUyMTNtMiUyMTFpMTAyNCUyMTJpNzY4JTIxNGYxMy4xJTIxM20zJTIxMW0yJTIxMXMweDk1MjczYzJhMzJhMTExYjMlMjUzQTB4MWEwZTI4ODA3YTA3OWZhZCUyMTJzVGhlJTI1MjBIeXBlcmlvbiUyNTIwQm91dGlxdWUlMjUyMEhvdGVsJTIxNWUwJTIxM20yJTIxMXNwdC1CUiUyMTJzYnIlMjE0djE2NjMxNzU0NjkzNTUlMjE1bTIlMjExc3B0LUJSJTIxMnNiciUyMiUyMHdpZHRoJTNEJTIyNjAwJTIyJTIwaGVpZ2h0JTNEJTIyNTUwJTIyJTIwc3R5bGUlM0QlMjJib3JkZXIlM0EwJTNCJTIyJTIwYWxsb3dmdWxsc2NyZWVuJTNEJTIyJTIyJTIwbG9hZGluZyUzRCUyMmxhenklMjIlMjByZWZlcnJlcnBvbGljeSUzRCUyMm5vLXJlZmVycmVyLXdoZW4tZG93bmdyYWRlJTIyJTNFJTNDJTJGaWZyYW1lJTNF&#8221;][\/vc_column][\/vc_row]<\/p>\n","protected":false},"excerpt":{"rendered":"<p>[vc_row css_animation=&#8221;&#8221; row_type=&#8221;row&#8221; use_row_as_full_screen_section=&#8221;no&#8221; type=&#8221;full_width&#8221; angled_section=&#8221;no&#8221; text_align=&#8221;left&#8221; background_image_as_pattern=&#8221;without_pattern&#8221; z_index=&#8221;&#8221; css=&#8221;.vc_custom_1763559899210{background-image: url(http:\/\/hotelhyperion.com\/site2\/wp-content\/uploads\/2022\/09\/slider1.1.png?id=479) !important;}&#8221;][vc_column][vc_empty_space height=&#8221;600px&#8221;][\/vc_column][\/vc_row][vc_row css_animation=&#8221;&#8221; row_type=&#8221;row&#8221; use_row_as_full_screen_section=&#8221;no&#8221; type=&#8221;grid&#8221; angled_section=&#8221;no&#8221; text_align=&#8221;center&#8221; background_image_as_pattern=&#8221;without_pattern&#8221; anchor=&#8221;Home&#8221; padding_top=&#8221;15&#8243; z_index=&#8221;&#8221;][vc_column css=&#8221;.vc_custom_1529393566232{margin-top: -120px !important;}&#8221;][vc_empty_space height=&#8221;170px&#8221;][vc_column_text] WELCOME [\/vc_column_text][vc_empty_space height=&#8221;80px&#8221;][\/vc_column][\/vc_row][vc_row css_animation=&#8221;&#8221; row_type=&#8221;row&#8221; use_row_as_full_screen_section=&#8221;no&#8221; type=&#8221;grid&#8221; angled_section=&#8221;no&#8221; text_align=&#8221;left&#8221; background_image_as_pattern=&#8221;without_pattern&#8221; z_index=&#8221;&#8221; css=&#8221;.vc_custom_1663593067007{padding-bottom: 70px !important;}&#8221;][vc_column css=&#8221;.vc_custom_1529072175747{margin-top: -6% !important;}&#8221;][vc_row_inner row_type=&#8221;row&#8221;&#8230;<\/p>\n","protected":false},"author":1,"featured_media":0,"parent":0,"menu_order":0,"comment_status":"closed","ping_status":"closed","template":"full_width.php","meta":[],"_links":{"self":[{"href":"https:\/\/hotelhyperion.com\/site2\/index.php\/wp-json\/wp\/v2\/pages\/7"}],"collection":[{"href":"https:\/\/hotelhyperion.com\/site2\/index.php\/wp-json\/wp\/v2\/pages"}],"about":[{"href":"https:\/\/hotelhyperion.com\/site2\/index.php\/wp-json\/wp\/v2\/types\/page"}],"author":[{"embeddable":true,"href":"https:\/\/hotelhyperion.com\/site2\/index.php\/wp-json\/wp\/v2\/users\/1"}],"replies":[{"embeddable":true,"href":"https:\/\/hotelhyperion.com\/site2\/index.php\/wp-json\/wp\/v2\/comments?post=7"}],"version-history":[{"count":87,"href":"https:\/\/hotelhyperion.com\/site2\/index.php\/wp-json\/wp\/v2\/pages\/7\/revisions"}],"predecessor-version":[{"id":550,"href":"https:\/\/hotelhyperion.com\/site2\/index.php\/wp-json\/wp\/v2\/pages\/7\/revisions\/550"}],"wp:attachment":[{"href":"https:\/\/hotelhyperion.com\/site2\/index.php\/wp-json\/wp\/v2\/media?parent=7"}],"curies":[{"name":"wp","href":"https:\/\/api.w.org\/{rel}","templated":true}]}}